{"id":3461,"date":"2021-12-10T12:11:49","date_gmt":"2021-12-10T12:11:49","guid":{"rendered":"https:\/\/lillacoworking.com\/beta\/politica-de-privacidad\/"},"modified":"2025-05-15T23:18:39","modified_gmt":"2025-05-15T23:18:39","slug":"politica-de-privacidad","status":"publish","type":"page","link":"https:\/\/lillacoworking.com\/ca\/politica-de-privacidad\/","title":{"rendered":"Pol\u00edtica de privacidad"},"content":{"rendered":"<div class=\"fusion-fullwidth fullwidth-box fusion-builder-row-1 fusion-flex-container nonhundred-percent-fullwidth non-hundred-percent-height-scrolling\" style=\"background-color: rgba(255,255,255,0);background-position: center center;background-repeat: no-repeat;border-width: 0px 0px 0px 0px;border-color:#eae9e9;border-style:solid;\" ><div class=\"fusion-builder-row fusion-row fusion-flex-align-items-flex-start\" style=\"max-width:1320.8px;margin-left: calc(-4% \/ 2 );margin-right: calc(-4% \/ 2 );\"><div class=\"fusion-layout-column fusion_builder_column fusion-builder-column-0 fusion_builder_column_1_1 1_1 fusion-flex-column\"><div class=\"fusion-column-wrapper fusion-flex-justify-content-flex-start fusion-content-layout-column\" style=\"background-position:left top;background-repeat:no-repeat;-webkit-background-size:cover;-moz-background-size:cover;-o-background-size:cover;background-size:cover;padding: 0px 0px 0px 0px;\"><div class=\"fusion-text fusion-text-1\"><p>La utilizaci\u00f3n de esta web, redes sociales vinculadas y de sus formularios requiere la aceptaci\u00f3n del tratamiento de los datos del usuario conforme a esta pol\u00edtica de privacidad, incluyendo la recopilaci\u00f3n de datos de acceso y el env\u00edo de informaci\u00f3n comercial por v\u00eda electr\u00f3nica.<\/p>\n<p><strong>Responsable del tratamiento de los datos e informaci\u00f3n de contacto<\/strong><\/p>\n<p>El responsable es: INDICESA L&#8217;ILLA, S.L.<\/p>\n<p>Direcci\u00f3n: AV DIAGONAL, 567, 5\u00ba 08029 BARCELONA<\/p>\n<p>Datos de contacto del responsable: 93 419 19 20 lopd@indicesa.es<\/p>\n<p><strong>Finalidad del tratamiento de los datos<\/strong><\/p>\n<p>Los datos se tratan con el objetivo de proporcionar acceso a los contenidos en l\u00ednea de la web as\u00ed como atender las solicitudes de los usuarios de la web, llevar un registro de visitas (direcciones IP, datos del navegador, pa\u00eds, p\u00e1gina accedida, etc) a efectos estad\u00edsticos, aplicar medidas encaminadas a la seguridad de la web, as\u00ed como en su caso enviarle por medios electr\u00f3nicos informaci\u00f3n comercial sobre nuestros productos y servicios.<\/p>\n<p>En caso de cumplimentar alguno de los formularios ser\u00e1 necesario facilitar determinados datos personales, los cuales se tratar\u00e1n para la finalidad para la que se solicitan.<\/p>\n<p><strong>Legitimaci\u00f3n<\/strong><\/p>\n<p>Los datos se tratan en base al consentimiento del usuario, cumplimiento de obligaciones legales, en su caso para la ejecuci\u00f3n de un contrato o precontrato.<\/p>\n<p><strong>Destinatarios y transferencias<\/strong><\/p>\n<p>Destinatarios: INDICESA L&#8217;ILLA, S.L.<\/p>\n<p>No se prev\u00e9 la transferencia internacional (fuera del Espacio Econ\u00f3mico Europeo), salvo con fines de almacenamiento, y en todo caso en base a la existencia de una decisi\u00f3n de adecuaci\u00f3n o en base a la existencia de garant\u00edas adecuadas.<\/p>\n<p><strong>Plazo de conservaci\u00f3n de los datos<\/strong><\/p>\n<p>Al menos durante los plazos establecidos por la legislaci\u00f3n aplicable y en todo caso mientras se mantenga la vigencia del consentimiento.<\/p>\n<p><strong>Derechos de las personas<\/strong><\/p>\n<p>Los afectados tienen derecho a: acceder, rectificar y suprimir sus datos; solicitar la portabilidad de sus datos; oponerse al tratamiento o solicitar su limitaci\u00f3n; retirar el consentimiento prestado, en su caso.<\/p>\n<p>Para ello pueden enviar su solicitud por escrito o correo electr\u00f3nico a la direcci\u00f3n del responsable, incluyendo la referencia &#8220;Protecci\u00f3n de datos&#8221;.<\/p>\n<p>Para facilitar la identificaci\u00f3n recomendamos que el titular de los datos adjunte a la solicitud copia de su DNI o pasaporte.<\/p>\n<p>Los afectados tambi\u00e9n pueden realizar una reclamaci\u00f3n ante la Autoridad de Control de protecci\u00f3n de datos.<\/p>\n<p><strong>Veracidad y actualizaci\u00f3n de los datos<\/strong><\/p>\n<p>El usuario debe rellenar los formularios con datos verdaderos, exactos, completos y actuales. El usuario no introducir\u00e1 datos correspondientes a otra persona; presumir\u00e1 que los datos han sido facilitados por el titular de los mismos. El usuario ser\u00e1 el \u00fanico responsable de cualquier da\u00f1o o perjuicio, directo o indirecto que pudiera ocasionar a cualquier persona a causa de la cumplimentaci\u00f3n del formulario con datos falsos, inexactos, incompletos o no actualizados o relativos a otra persona.<\/p>\n<p>El usuario debe comunicar cualquier modificaci\u00f3n en los datos proporcionados con el fin de mantener sus datos debidamente actualizados.<\/p>\n<p><strong>Seguridad de la informaci\u00f3n<\/strong><\/p>\n<p>ha tomado todas las medidas legalmente requeridas para la protecci\u00f3n de datos personales; asimismo, ha adoptado todos los dispositivos t\u00e9cnicos a su alcance para evitar la p\u00e9rdida, el mal uso, la alteraci\u00f3n, el acceso o el robo de los datos personales facilitados por los usuarios de la web. El usuario tendr\u00e1 en cuenta, sin embargo, que las medidas de seguridad en Internet no son absolutamente inviolables.<\/p>\n<p><strong>Menores de edad<\/strong><\/p>\n<p>proh\u00edbe el uso de sus servicios web a los usuarios menores de catorce a\u00f1os, salvo consentimiento expreso de sus padres o tutores.<\/p>\n<p>En ning\u00fan caso el menor podr\u00e1 facilitar a datos que permitan obtener informaci\u00f3n sobre los dem\u00e1s miembros del grupo familiar, o sobre las caracter\u00edsticas del mismo, como los datos relativos a la actividad profesional de los progenitores, informaci\u00f3n econ\u00f3mica, datos sociol\u00f3gicos o cualesquiera otros, sin el consentimiento de los titulares de tales datos.<\/p>\n<p><strong>Anal\u00edticas Web<\/strong><\/p>\n<p>Esta web emplea diversas anal\u00edticas para conocer la manera en que es buscada, accedida y utilizada por el p\u00fablico. Estas anal\u00edticas pueden implicar la recopilaci\u00f3n de datos de car\u00e1cter personal como por ejemplo la direcci\u00f3n IP, la localizaci\u00f3n de la conexi\u00f3n, la informaci\u00f3n sobre el software o hardware de navegaci\u00f3n, etc. Esta informaci\u00f3n no se asocia a los usuarios y se utiliza con la finalidad exclusiva de obtener informaci\u00f3n estad\u00edstica sobre el uso de la web de la empresa.<\/p>\n<p><strong>Utilizaci\u00f3n de funciones y complementos de terceros<\/strong><\/p>\n<p>Esta web puede incorporar funciones y complementos proporcionados por terceros para diversas finalidades, como por ejemplo: anal\u00edticas web de terceros, mapas de terceros, v\u00eddeos de terceros, compartici\u00f3n en redes sociales; etc.<\/p>\n<p>Una funci\u00f3n o complemento de un tercero establece una conexi\u00f3n directa entre el navegador del usuario y los dominios de Internet controlados por el tercero, permitiendo la descarga y ejecuci\u00f3n de la funci\u00f3n.<\/p>\n<p>Asimismo, la mayor\u00eda de complementos de terceros recopilan qu\u00e9 p\u00e1ginas visitan los usuarios para conocer sus intereses y poder ofrecerle posteriormente publicidad adaptada a los mismos.<\/p>\n<p><strong>Utilizaci\u00f3n de la funci\u00f3n Google Analytics proporcionada por Google, Inc.<\/strong><\/p>\n<p>Esta web integra funciones anal\u00edticas de Google Inc (1600 AMPHITHEATRE PARKWAY, MOUNTAIN VIEW, CALIFORNIA, USA) para conocer la manera en que es buscada, accedida y utilizada por los usuarios. Para ello, al usar esta web el navegador del usuario establece una conexi\u00f3n directa con los servidores del dominio de Internet google.com y otros dominios de Google. Esto permite a Google registrar la actividad del usuario as\u00ed como informaci\u00f3n relativa a su direcci\u00f3n IP. Google Analytics hace uso de cookies persistentes para elaborar estad\u00edsticas an\u00f3nimas sobre el uso de esta web, conforme a la siguiente pol\u00edtica de privacidad: https:\/\/www.google.com\/analytics\/learn\/privacy.html?hl=es. Al utilizar este la web el usuario consiente el tratamiento de sus datos por Google en la forma y para los fines indicados.<\/p>\n<p><strong>Utilizaci\u00f3n de funciones proporcionadas por Google, Inc.<\/strong><\/p>\n<p>Esta web integra funciones de Google Inc (1600 AMPHITHEATRE PARKWAY, MOUNTAIN VIEW, CALIFORNIA, USA), como por ejemplo v\u00eddeos de Youtube, mapas y botones &#8220;+1&#8221;. Para ello, al usar la web el navegador del usuario establece una conexi\u00f3n directa con los servidores del dominio de Internet google.com y otros dominios de Google. Esto permite a Google conocer que el usuario ha visitado la web desde su direcci\u00f3n IP. Google hace uso de cookies persistentes, almacenamiento local y almacenamiento local de Flash en el dispositivo del usuario, para varias finalidades incluyendo la recopilaci\u00f3n de la actividad del usuario en Internet para ofrecerle publicidad adaptada a sus intereses, conforme a sus pol\u00edticas de privacidad: http:\/\/www.google.es\/intl\/es\/policies\/privacy\/. Al utilizar este la web el usuario consiente el tratamiento de sus datos por Google en la forma y para los fines indicados.<\/p>\n<\/div><\/div><style type=\"text\/css\">.fusion-body .fusion-builder-column-0{width:100% !important;margin-top : 25px;margin-bottom : 25px;}.fusion-builder-column-0 > .fusion-column-wrapper {padding-top : 0px !important;padding-right : 0px !important;margin-right : 1.92%;padding-bottom : 0px !important;padding-left : 0px !important;margin-left : 1.92%;}@media only screen and (max-width:1024px) {.fusion-body .fusion-builder-column-0{width:100% !important;order : 0;}.fusion-builder-column-0 > .fusion-column-wrapper {margin-right : 1.92%;margin-left : 1.92%;}}@media only screen and (max-width:640px) {.fusion-body .fusion-builder-column-0{width:100% !important;order : 0;}.fusion-builder-column-0 > .fusion-column-wrapper {margin-right : 1.92%;margin-left : 1.92%;}}<\/style><\/div><\/div><style type=\"text\/css\">.fusion-body .fusion-flex-container.fusion-builder-row-1{ padding-top : 20px;margin-top : 0px;padding-right : 0px;padding-bottom : 20px;margin-bottom : 0px;padding-left : 0px;}<\/style><\/div>\n","protected":false},"excerpt":{"rendered":"","protected":false},"author":1,"featured_media":0,"parent":0,"menu_order":0,"comment_status":"closed","ping_status":"open","template":"","meta":{"footnotes":""},"class_list":["post-3461","page","type-page","status-publish","hentry"],"yoast_head":"<!-- This site is optimized with the Yoast SEO plugin v27.1.1 - https:\/\/yoast.com\/product\/yoast-seo-wordpress\/ -->\n<title>Pol\u00edtica de privacidad - L\u2019illa &amp; Co.<\/title>\n<meta name=\"robots\" content=\"noindex, follow\" \/>\n<meta property=\"og:locale\" content=\"ca_ES\" \/>\n<meta property=\"og:type\" content=\"article\" \/>\n<meta property=\"og:title\" content=\"Pol\u00edtica de privacidad - L\u2019illa &amp; Co.\" \/>\n<meta property=\"og:url\" content=\"https:\/\/lillacoworking.com\/ca\/politica-de-privacidad\/\" \/>\n<meta property=\"og:site_name\" content=\"L\u2019illa &amp; Co.\" \/>\n<meta property=\"article:modified_time\" content=\"2025-05-15T23:18:39+00:00\" \/>\n<meta property=\"og:image\" content=\"https:\/\/lillacoworking.com\/wp-content\/uploads\/2025\/09\/oficinas-coworking-barcelona.jpg\" \/>\n\t<meta property=\"og:image:width\" content=\"800\" \/>\n\t<meta property=\"og:image:height\" content=\"416\" \/>\n\t<meta property=\"og:image:type\" content=\"image\/jpeg\" \/>\n<meta name=\"twitter:card\" content=\"summary_large_image\" \/>\n<meta name=\"twitter:label1\" content=\"Temps estimat de lectura\" \/>\n\t<meta name=\"twitter:data1\" content=\"9 minuts\" \/>\n<script type=\"application\/ld+json\" class=\"yoast-schema-graph\">{\"@context\":\"https:\/\/schema.org\",\"@graph\":[{\"@type\":\"WebPage\",\"@id\":\"https:\/\/lillacoworking.com\/ca\/politica-de-privacidad\/\",\"url\":\"https:\/\/lillacoworking.com\/ca\/politica-de-privacidad\/\",\"name\":\"Pol\u00edtica de privacidad - L\u2019illa &amp; Co.\",\"isPartOf\":{\"@id\":\"https:\/\/lillacoworking.com\/#website\"},\"datePublished\":\"2021-12-10T12:11:49+00:00\",\"dateModified\":\"2025-05-15T23:18:39+00:00\",\"breadcrumb\":{\"@id\":\"https:\/\/lillacoworking.com\/ca\/politica-de-privacidad\/#breadcrumb\"},\"inLanguage\":\"ca\",\"potentialAction\":[{\"@type\":\"ReadAction\",\"target\":[\"https:\/\/lillacoworking.com\/ca\/politica-de-privacidad\/\"]}]},{\"@type\":\"BreadcrumbList\",\"@id\":\"https:\/\/lillacoworking.com\/ca\/politica-de-privacidad\/#breadcrumb\",\"itemListElement\":[{\"@type\":\"ListItem\",\"position\":1,\"name\":\"Portada\",\"item\":\"https:\/\/lillacoworking.com\/ca\/\"},{\"@type\":\"ListItem\",\"position\":2,\"name\":\"Pol\u00edtica de privacidad\"}]},{\"@type\":\"WebSite\",\"@id\":\"https:\/\/lillacoworking.com\/#website\",\"url\":\"https:\/\/lillacoworking.com\/\",\"name\":\"L\u2019illa & Co.\",\"description\":\"\",\"publisher\":{\"@id\":\"https:\/\/lillacoworking.com\/#organization\"},\"potentialAction\":[{\"@type\":\"SearchAction\",\"target\":{\"@type\":\"EntryPoint\",\"urlTemplate\":\"https:\/\/lillacoworking.com\/?s={search_term_string}\"},\"query-input\":{\"@type\":\"PropertyValueSpecification\",\"valueRequired\":true,\"valueName\":\"search_term_string\"}}],\"inLanguage\":\"ca\"},{\"@type\":\"Organization\",\"@id\":\"https:\/\/lillacoworking.com\/#organization\",\"name\":\"L'illa & Co. \u00b7 Coworking Barcelona\",\"url\":\"https:\/\/lillacoworking.com\/\",\"logo\":{\"@type\":\"ImageObject\",\"inLanguage\":\"ca\",\"@id\":\"https:\/\/lillacoworking.com\/#\/schema\/logo\/image\/\",\"url\":\"https:\/\/lillacoworking.com\/wp-content\/uploads\/2024\/07\/Coworking-Barcelona.webp\",\"contentUrl\":\"https:\/\/lillacoworking.com\/wp-content\/uploads\/2024\/07\/Coworking-Barcelona.webp\",\"width\":1920,\"height\":1000,\"caption\":\"L'illa & Co. \u00b7 Coworking Barcelona\"},\"image\":{\"@id\":\"https:\/\/lillacoworking.com\/#\/schema\/logo\/image\/\"},\"sameAs\":[\"https:\/\/www.linkedin.com\/company\/lillacoworking\",\"https:\/\/www.instagram.com\/lillacoworking\/\"]}]}<\/script>\n<!-- \/ Yoast SEO plugin. -->","yoast_head_json":{"title":"Pol\u00edtica de privacidad - L\u2019illa &amp; Co.","robots":{"index":"noindex","follow":"follow"},"og_locale":"ca_ES","og_type":"article","og_title":"Pol\u00edtica de privacidad - L\u2019illa &amp; Co.","og_url":"https:\/\/lillacoworking.com\/ca\/politica-de-privacidad\/","og_site_name":"L\u2019illa &amp; Co.","article_modified_time":"2025-05-15T23:18:39+00:00","og_image":[{"width":800,"height":416,"url":"https:\/\/lillacoworking.com\/wp-content\/uploads\/2025\/09\/oficinas-coworking-barcelona.jpg","type":"image\/jpeg"}],"twitter_card":"summary_large_image","twitter_misc":{"Temps estimat de lectura":"9 minuts"},"schema":{"@context":"https:\/\/schema.org","@graph":[{"@type":"WebPage","@id":"https:\/\/lillacoworking.com\/ca\/politica-de-privacidad\/","url":"https:\/\/lillacoworking.com\/ca\/politica-de-privacidad\/","name":"Pol\u00edtica de privacidad - L\u2019illa &amp; Co.","isPartOf":{"@id":"https:\/\/lillacoworking.com\/#website"},"datePublished":"2021-12-10T12:11:49+00:00","dateModified":"2025-05-15T23:18:39+00:00","breadcrumb":{"@id":"https:\/\/lillacoworking.com\/ca\/politica-de-privacidad\/#breadcrumb"},"inLanguage":"ca","potentialAction":[{"@type":"ReadAction","target":["https:\/\/lillacoworking.com\/ca\/politica-de-privacidad\/"]}]},{"@type":"BreadcrumbList","@id":"https:\/\/lillacoworking.com\/ca\/politica-de-privacidad\/#breadcrumb","itemListElement":[{"@type":"ListItem","position":1,"name":"Portada","item":"https:\/\/lillacoworking.com\/ca\/"},{"@type":"ListItem","position":2,"name":"Pol\u00edtica de privacidad"}]},{"@type":"WebSite","@id":"https:\/\/lillacoworking.com\/#website","url":"https:\/\/lillacoworking.com\/","name":"L\u2019illa & Co.","description":"","publisher":{"@id":"https:\/\/lillacoworking.com\/#organization"},"potentialAction":[{"@type":"SearchAction","target":{"@type":"EntryPoint","urlTemplate":"https:\/\/lillacoworking.com\/?s={search_term_string}"},"query-input":{"@type":"PropertyValueSpecification","valueRequired":true,"valueName":"search_term_string"}}],"inLanguage":"ca"},{"@type":"Organization","@id":"https:\/\/lillacoworking.com\/#organization","name":"L'illa & Co. \u00b7 Coworking Barcelona","url":"https:\/\/lillacoworking.com\/","logo":{"@type":"ImageObject","inLanguage":"ca","@id":"https:\/\/lillacoworking.com\/#\/schema\/logo\/image\/","url":"https:\/\/lillacoworking.com\/wp-content\/uploads\/2024\/07\/Coworking-Barcelona.webp","contentUrl":"https:\/\/lillacoworking.com\/wp-content\/uploads\/2024\/07\/Coworking-Barcelona.webp","width":1920,"height":1000,"caption":"L'illa & Co. \u00b7 Coworking Barcelona"},"image":{"@id":"https:\/\/lillacoworking.com\/#\/schema\/logo\/image\/"},"sameAs":["https:\/\/www.linkedin.com\/company\/lillacoworking","https:\/\/www.instagram.com\/lillacoworking\/"]}]}},"_links":{"self":[{"href":"https:\/\/lillacoworking.com\/ca\/wp-json\/wp\/v2\/pages\/3461","targetHints":{"allow":["GET"]}}],"collection":[{"href":"https:\/\/lillacoworking.com\/ca\/wp-json\/wp\/v2\/pages"}],"about":[{"href":"https:\/\/lillacoworking.com\/ca\/wp-json\/wp\/v2\/types\/page"}],"author":[{"embeddable":true,"href":"https:\/\/lillacoworking.com\/ca\/wp-json\/wp\/v2\/users\/1"}],"replies":[{"embeddable":true,"href":"https:\/\/lillacoworking.com\/ca\/wp-json\/wp\/v2\/comments?post=3461"}],"version-history":[{"count":1,"href":"https:\/\/lillacoworking.com\/ca\/wp-json\/wp\/v2\/pages\/3461\/revisions"}],"predecessor-version":[{"id":5913,"href":"https:\/\/lillacoworking.com\/ca\/wp-json\/wp\/v2\/pages\/3461\/revisions\/5913"}],"wp:attachment":[{"href":"https:\/\/lillacoworking.com\/ca\/wp-json\/wp\/v2\/media?parent=3461"}],"curies":[{"name":"wp","href":"https:\/\/api.w.org\/{rel}","templated":true}]}}