{"id":3459,"date":"2021-12-13T16:48:18","date_gmt":"2021-12-13T16:48:18","guid":{"rendered":"https:\/\/lillacoworking.com\/beta\/aviso-legal\/"},"modified":"2025-06-16T06:42:29","modified_gmt":"2025-06-16T06:42:29","slug":"aviso-legal","status":"publish","type":"page","link":"https:\/\/lillacoworking.com\/ca\/aviso-legal\/","title":{"rendered":"Av\u00eds Legal"},"content":{"rendered":"<div class=\"fusion-fullwidth fullwidth-box fusion-builder-row-1 fusion-flex-container nonhundred-percent-fullwidth non-hundred-percent-height-scrolling\" style=\"background-color: rgba(255,255,255,0);background-position: center center;background-repeat: no-repeat;border-width: 0px 0px 0px 0px;border-color:#eae9e9;border-style:solid;\" ><div class=\"fusion-builder-row fusion-row fusion-flex-align-items-flex-start\" style=\"max-width:1320.8px;margin-left: calc(-4% \/ 2 );margin-right: calc(-4% \/ 2 );\"><div class=\"fusion-layout-column fusion_builder_column fusion-builder-column-0 fusion_builder_column_1_1 1_1 fusion-flex-column\"><div class=\"fusion-column-wrapper fusion-flex-justify-content-flex-start fusion-content-layout-column\" style=\"background-position:left top;background-repeat:no-repeat;-webkit-background-size:cover;-moz-background-size:cover;-o-background-size:cover;background-size:cover;padding: 0px 0px 0px 0px;\"><div class=\"fusion-text fusion-text-1\"><h2>Titular de la web y datos de contacto<\/h2>\n<p>www.lillacoworking.com es un dominio en Internet titularidad de INDICESA L&#8217;ILLA, S.L. (en adelante, INDICESA) con CIF\/NIF B61183299 y domicilio en AV DIAGONAL, 567, 5\u00ba 08029 BARCELONA (BARCELONA).<\/p>\n<p>La finalidad de la web es informar acerca de nuestros productos.<\/p>\n<p>Puede ponerse en contacto con nosotros:<\/p>\n<ul>\n<li>Por tel\u00e9fono, en el n\u00famero 93 419 19 20<\/li>\n<li>Por correo electr\u00f3nico, escribiendo a lopd@indicesa.es<\/li>\n<li>Por escrito, dirigi\u00e9ndose a , AV DIAGONAL, 567, 5\u00ba 08029 BARCELONA (BARCELONA)<\/li>\n<\/ul>\n<h2>Condiciones de uso de la web<\/h2>\n<p>Las presentes condiciones de uso regulan el acceso a esta web por parte de los clientes de . y dem\u00e1s usuarios de Internet. Por el mero uso de esta web, el usuario manifiesta su aceptaci\u00f3n sin reservas de las presentes condiciones de uso.<\/p>\n<p>INDICESA se reserva el derecho unilateral de modificar las presentes condiciones de acceso a la web, as\u00ed como los contenidos en ella incluidos.<\/p>\n<h3>Limitaci\u00f3n y exclusi\u00f3n de responsabilidad<\/h3>\n<p>El contenido de esta web es de car\u00e1cter general y tiene una finalidad y efectos exclusivamente informativos. rechaza la responsabilidad sobre cualquier informaci\u00f3n no elaborada por ella o publicada en su nombre de forma no autorizada por ella, al igual que la responsabilidad que se derive de la mala utilizaci\u00f3n por terceros de los contenidos.<\/p>\n<p>El usuario exonera a de cualquier responsabilidad que pudiera derivarse de las interrupciones de disponibilidad de la p\u00e1gina web, ya sea por mal funcionamiento del servidor web o de aplicaciones, de las infraestructuras de comunicaciones, o del software y hardware utilizados para la navegaci\u00f3n.<\/p>\n<p>En el caso de incluir enlaces a otras p\u00e1ginas web, declina cualquier responsabilidad relacionada con el acceso y utilizaci\u00f3n de dichos enlaces.<\/p>\n<h3>Propiedad intelectual e industrial<\/h3>\n<p>La totalidad de esta web se encuentra protegida por las leyes sobre propiedad Intelectual e Industrial. Salvo que se indique lo contrario, los derechos de propiedad intelectual sobre estos contenidos corresponden en exclusiva a INDICESA. El usuario reconoce que el uso de los contenidos queda estrictamente limitado a finalidades personales del propio usuario y que la reproducci\u00f3n, distribuci\u00f3n, comunicaci\u00f3n o transformaci\u00f3n no expresamente autorizada de tales obras constituye una infracci\u00f3n de los derechos de propiedad intelectual.<\/p>\n<p>Asimismo, el usuario se abstendr\u00e1 de emplear los contenidos y, en particular, la informaci\u00f3n de cualquier clase obtenida a trav\u00e9s de la web para remitir publicidad, comunicaciones con fines de venta directa o con cualquier otra clase de finalidad comercial, mensajes no solicitados dirigidos a una pluralidad de personas con independencia de su finalidad. Tambi\u00e9n se abstendr\u00e1 de comercializar o divulgar de cualquier modo dicha informaci\u00f3n.<\/p>\n<p>www.lillacoworking.com es un dominio de INDICESA. No puede ser utilizado, salvo autorizaci\u00f3n expresa previa, en conexi\u00f3n con otros productos o servicios que no sean de de ninguna manera que pueda causar confusi\u00f3n entre nuestros clientes o descr\u00e9dito de .<\/p>\n<h3>Pol\u00edtica para enlazar a esta web<\/h3>\n<p>Si cualquier usuario, entidad o p\u00e1gina web deseara establecer alg\u00fan tipo de enlace con destino a esta web deber\u00e1 solicitar autorizaci\u00f3n previa a la realizaci\u00f3n del enlace y por escrito.<\/p>\n<p>Adem\u00e1s, s\u00f3lo se permite enlazar a la p\u00e1gina de inicio de la web. El enlace debe ser absoluto y completo, es decir, debe llevar al usuario a la propia direcci\u00f3n de abarcando completamente la extensi\u00f3n de la pantalla de la p\u00e1gina que contiene el enlace. En ning\u00fan caso, salvo autorizaci\u00f3n expresa y por escrito de INDICESA, la p\u00e1gina que realice el enlace podr\u00e1 reproducir de cualquier manera la web de INDICESA, incluirla como parte de su web o dentro de uno de sus marcos sobre cualquiera de las p\u00e1ginas o contenidos de la presente web.<\/p>\n<p>No se incluir\u00e1 ninguna manifestaci\u00f3n falsa, inexacta o incorrecta sobre las p\u00e1ginas de esta web o los servicios que en ella se ofrecen.<\/p>\n<p>El enlace no contendr\u00e1 ninguna marca, nombre comercial, r\u00f3tulo de establecimiento, denominaci\u00f3n, logotipo, eslogan u otros signos distintivos pertenecientes a INDICESA.<\/p>\n<p>Bajo ninguna circunstancia, ser\u00e1 responsable de los contenidos o servicios puestos a disposici\u00f3n del p\u00fablico en la p\u00e1gina web desde la que se realice el hiperenlace ni de las informaciones o manifestaciones incluidas en las mismas.<\/p>\n<h3>Protecci\u00f3n de datos personales<\/h3>\n<p>La utilizaci\u00f3n de esta web y de sus formularios requiere la aceptaci\u00f3n del tratamiento de los datos del usuario bajo la responsabilidad de INDICESA L&#8217;ILLA, S.L., para finalidades que incluyen la provisi\u00f3n de la web, la recopilaci\u00f3n de datos de acceso y el env\u00edo de informaci\u00f3n comercial por v\u00eda electr\u00f3nica, en determinados casos.<\/p>\n<p>Lea detenidamente la <u>pol\u00edtica de privacidad<\/u> para informaci\u00f3n adicional y detallada, incluyendo c\u00f3mo utilizamos los datos de los usuarios y c\u00f3mo ejercer los derechos de acceso, rectificaci\u00f3n, supresi\u00f3n, oposici\u00f3n, y otros derechos de protecci\u00f3n de datos.<\/p>\n<h3 align=\"justify\">Cookies<\/h3>\n<p>Esta web utiliza cookies propias y de terceros para diversas finalidades incluyendo anal\u00edticas y publicidad adaptada a los intereses del usuario. El mero uso de esta web con las cookies activadas en el navegador implica la aceptaci\u00f3n de su tratamiento conforme a nuestra <u>pol\u00edtica de cookies<\/u>.<\/p>\n<p>Lea detenidamente nuestra pol\u00edtica de cookies para conocer los tipos de cookies empleados, y c\u00f3mo bloquearlas y borrarlas en su navegador.<\/p>\n<h3>Prevalencia de la versi\u00f3n espa\u00f1ola<\/h3>\n<p>En caso de que se traduzca este aviso legal a otros idiomas, cuando haya discrepancia, la versi\u00f3n espa\u00f1ola prevalecer\u00e1.<\/p>\n<h3>Legislaci\u00f3n y Jurisdicci\u00f3n aplicable<\/h3>\n<p>El presente Aviso Legal as\u00ed como las relaciones entre y los usuarios, se regir\u00e1n por la normativa espa\u00f1ola vigente y cualquier controversia se someter\u00e1 a los Juzgados y Tribunales de BARCELONA, excepto en el caso de consumidores y usuarios que se aplicar\u00e1 el fuero imperativo de los juzgados que correspondan a su domicilio.<\/p>\n<\/div><\/div><style type=\"text\/css\">.fusion-body .fusion-builder-column-0{width:100% !important;margin-top : 25px;margin-bottom : 25px;}.fusion-builder-column-0 > .fusion-column-wrapper {padding-top : 0px !important;padding-right : 0px !important;margin-right : 1.92%;padding-bottom : 0px !important;padding-left : 0px !important;margin-left : 1.92%;}@media only screen and (max-width:1024px) {.fusion-body .fusion-builder-column-0{width:100% !important;order : 0;}.fusion-builder-column-0 > .fusion-column-wrapper {margin-right : 1.92%;margin-left : 1.92%;}}@media only screen and (max-width:640px) {.fusion-body .fusion-builder-column-0{width:100% !important;order : 0;}.fusion-builder-column-0 > .fusion-column-wrapper {margin-right : 1.92%;margin-left : 1.92%;}}<\/style><\/div><\/div><style type=\"text\/css\">.fusion-body .fusion-flex-container.fusion-builder-row-1{ padding-top : 20px;margin-top : 0px;padding-right : 0px;padding-bottom : 20px;margin-bottom : 0px;padding-left : 0px;}<\/style><\/div>\n","protected":false},"excerpt":{"rendered":"","protected":false},"author":1,"featured_media":0,"parent":0,"menu_order":0,"comment_status":"closed","ping_status":"open","template":"","meta":{"footnotes":""},"class_list":["post-3459","page","type-page","status-publish","hentry"],"yoast_head":"<!-- This site is optimized with the Yoast SEO plugin v27.1.1 - https:\/\/yoast.com\/product\/yoast-seo-wordpress\/ -->\n<title>Av\u00eds Legal - L\u2019illa &amp; Co.<\/title>\n<meta name=\"robots\" content=\"noindex, follow\" \/>\n<meta property=\"og:locale\" content=\"ca_ES\" \/>\n<meta property=\"og:type\" content=\"article\" \/>\n<meta property=\"og:title\" content=\"Av\u00eds Legal - L\u2019illa &amp; Co.\" \/>\n<meta property=\"og:url\" content=\"https:\/\/lillacoworking.com\/ca\/aviso-legal\/\" \/>\n<meta property=\"og:site_name\" content=\"L\u2019illa &amp; Co.\" \/>\n<meta property=\"article:modified_time\" content=\"2025-06-16T06:42:29+00:00\" \/>\n<meta property=\"og:image\" content=\"https:\/\/lillacoworking.com\/wp-content\/uploads\/2025\/09\/oficinas-coworking-barcelona.jpg\" \/>\n\t<meta property=\"og:image:width\" content=\"800\" \/>\n\t<meta property=\"og:image:height\" content=\"416\" \/>\n\t<meta property=\"og:image:type\" content=\"image\/jpeg\" \/>\n<meta name=\"twitter:card\" content=\"summary_large_image\" \/>\n<meta name=\"twitter:label1\" content=\"Temps estimat de lectura\" \/>\n\t<meta name=\"twitter:data1\" content=\"8 minuts\" \/>\n<script type=\"application\/ld+json\" class=\"yoast-schema-graph\">{\"@context\":\"https:\/\/schema.org\",\"@graph\":[{\"@type\":\"WebPage\",\"@id\":\"https:\/\/lillacoworking.com\/ca\/aviso-legal\/\",\"url\":\"https:\/\/lillacoworking.com\/ca\/aviso-legal\/\",\"name\":\"Av\u00eds Legal - L\u2019illa &amp; Co.\",\"isPartOf\":{\"@id\":\"https:\/\/lillacoworking.com\/#website\"},\"datePublished\":\"2021-12-13T16:48:18+00:00\",\"dateModified\":\"2025-06-16T06:42:29+00:00\",\"breadcrumb\":{\"@id\":\"https:\/\/lillacoworking.com\/ca\/aviso-legal\/#breadcrumb\"},\"inLanguage\":\"ca\",\"potentialAction\":[{\"@type\":\"ReadAction\",\"target\":[\"https:\/\/lillacoworking.com\/ca\/aviso-legal\/\"]}]},{\"@type\":\"BreadcrumbList\",\"@id\":\"https:\/\/lillacoworking.com\/ca\/aviso-legal\/#breadcrumb\",\"itemListElement\":[{\"@type\":\"ListItem\",\"position\":1,\"name\":\"Portada\",\"item\":\"https:\/\/lillacoworking.com\/ca\/\"},{\"@type\":\"ListItem\",\"position\":2,\"name\":\"Av\u00eds Legal\"}]},{\"@type\":\"WebSite\",\"@id\":\"https:\/\/lillacoworking.com\/#website\",\"url\":\"https:\/\/lillacoworking.com\/\",\"name\":\"L\u2019illa & Co.\",\"description\":\"\",\"publisher\":{\"@id\":\"https:\/\/lillacoworking.com\/#organization\"},\"potentialAction\":[{\"@type\":\"SearchAction\",\"target\":{\"@type\":\"EntryPoint\",\"urlTemplate\":\"https:\/\/lillacoworking.com\/?s={search_term_string}\"},\"query-input\":{\"@type\":\"PropertyValueSpecification\",\"valueRequired\":true,\"valueName\":\"search_term_string\"}}],\"inLanguage\":\"ca\"},{\"@type\":\"Organization\",\"@id\":\"https:\/\/lillacoworking.com\/#organization\",\"name\":\"L'illa & Co. \u00b7 Coworking Barcelona\",\"url\":\"https:\/\/lillacoworking.com\/\",\"logo\":{\"@type\":\"ImageObject\",\"inLanguage\":\"ca\",\"@id\":\"https:\/\/lillacoworking.com\/#\/schema\/logo\/image\/\",\"url\":\"https:\/\/lillacoworking.com\/wp-content\/uploads\/2024\/07\/Coworking-Barcelona.webp\",\"contentUrl\":\"https:\/\/lillacoworking.com\/wp-content\/uploads\/2024\/07\/Coworking-Barcelona.webp\",\"width\":1920,\"height\":1000,\"caption\":\"L'illa & Co. \u00b7 Coworking Barcelona\"},\"image\":{\"@id\":\"https:\/\/lillacoworking.com\/#\/schema\/logo\/image\/\"},\"sameAs\":[\"https:\/\/www.linkedin.com\/company\/lillacoworking\",\"https:\/\/www.instagram.com\/lillacoworking\/\"]}]}<\/script>\n<!-- \/ Yoast SEO plugin. -->","yoast_head_json":{"title":"Av\u00eds Legal - L\u2019illa &amp; Co.","robots":{"index":"noindex","follow":"follow"},"og_locale":"ca_ES","og_type":"article","og_title":"Av\u00eds Legal - L\u2019illa &amp; Co.","og_url":"https:\/\/lillacoworking.com\/ca\/aviso-legal\/","og_site_name":"L\u2019illa &amp; Co.","article_modified_time":"2025-06-16T06:42:29+00:00","og_image":[{"width":800,"height":416,"url":"https:\/\/lillacoworking.com\/wp-content\/uploads\/2025\/09\/oficinas-coworking-barcelona.jpg","type":"image\/jpeg"}],"twitter_card":"summary_large_image","twitter_misc":{"Temps estimat de lectura":"8 minuts"},"schema":{"@context":"https:\/\/schema.org","@graph":[{"@type":"WebPage","@id":"https:\/\/lillacoworking.com\/ca\/aviso-legal\/","url":"https:\/\/lillacoworking.com\/ca\/aviso-legal\/","name":"Av\u00eds Legal - L\u2019illa &amp; Co.","isPartOf":{"@id":"https:\/\/lillacoworking.com\/#website"},"datePublished":"2021-12-13T16:48:18+00:00","dateModified":"2025-06-16T06:42:29+00:00","breadcrumb":{"@id":"https:\/\/lillacoworking.com\/ca\/aviso-legal\/#breadcrumb"},"inLanguage":"ca","potentialAction":[{"@type":"ReadAction","target":["https:\/\/lillacoworking.com\/ca\/aviso-legal\/"]}]},{"@type":"BreadcrumbList","@id":"https:\/\/lillacoworking.com\/ca\/aviso-legal\/#breadcrumb","itemListElement":[{"@type":"ListItem","position":1,"name":"Portada","item":"https:\/\/lillacoworking.com\/ca\/"},{"@type":"ListItem","position":2,"name":"Av\u00eds Legal"}]},{"@type":"WebSite","@id":"https:\/\/lillacoworking.com\/#website","url":"https:\/\/lillacoworking.com\/","name":"L\u2019illa & Co.","description":"","publisher":{"@id":"https:\/\/lillacoworking.com\/#organization"},"potentialAction":[{"@type":"SearchAction","target":{"@type":"EntryPoint","urlTemplate":"https:\/\/lillacoworking.com\/?s={search_term_string}"},"query-input":{"@type":"PropertyValueSpecification","valueRequired":true,"valueName":"search_term_string"}}],"inLanguage":"ca"},{"@type":"Organization","@id":"https:\/\/lillacoworking.com\/#organization","name":"L'illa & Co. \u00b7 Coworking Barcelona","url":"https:\/\/lillacoworking.com\/","logo":{"@type":"ImageObject","inLanguage":"ca","@id":"https:\/\/lillacoworking.com\/#\/schema\/logo\/image\/","url":"https:\/\/lillacoworking.com\/wp-content\/uploads\/2024\/07\/Coworking-Barcelona.webp","contentUrl":"https:\/\/lillacoworking.com\/wp-content\/uploads\/2024\/07\/Coworking-Barcelona.webp","width":1920,"height":1000,"caption":"L'illa & Co. \u00b7 Coworking Barcelona"},"image":{"@id":"https:\/\/lillacoworking.com\/#\/schema\/logo\/image\/"},"sameAs":["https:\/\/www.linkedin.com\/company\/lillacoworking","https:\/\/www.instagram.com\/lillacoworking\/"]}]}},"_links":{"self":[{"href":"https:\/\/lillacoworking.com\/ca\/wp-json\/wp\/v2\/pages\/3459","targetHints":{"allow":["GET"]}}],"collection":[{"href":"https:\/\/lillacoworking.com\/ca\/wp-json\/wp\/v2\/pages"}],"about":[{"href":"https:\/\/lillacoworking.com\/ca\/wp-json\/wp\/v2\/types\/page"}],"author":[{"embeddable":true,"href":"https:\/\/lillacoworking.com\/ca\/wp-json\/wp\/v2\/users\/1"}],"replies":[{"embeddable":true,"href":"https:\/\/lillacoworking.com\/ca\/wp-json\/wp\/v2\/comments?post=3459"}],"version-history":[{"count":2,"href":"https:\/\/lillacoworking.com\/ca\/wp-json\/wp\/v2\/pages\/3459\/revisions"}],"predecessor-version":[{"id":6009,"href":"https:\/\/lillacoworking.com\/ca\/wp-json\/wp\/v2\/pages\/3459\/revisions\/6009"}],"wp:attachment":[{"href":"https:\/\/lillacoworking.com\/ca\/wp-json\/wp\/v2\/media?parent=3459"}],"curies":[{"name":"wp","href":"https:\/\/api.w.org\/{rel}","templated":true}]}}